{"id":578,"date":"2023-10-02T18:54:04","date_gmt":"2023-10-02T15:54:04","guid":{"rendered":"https:\/\/www.emireldiven.com\/?post_type=product&#038;p=578"},"modified":"2025-06-24T13:17:03","modified_gmt":"2025-06-24T10:17:03","slug":"tpe-eldiven-pudrasiz-krem-small-beden-koli-ici-20-pkt","status":"publish","type":"product","link":"https:\/\/www.emireldiven.com\/index.php\/urun\/tpe-eldiven-pudrasiz-krem-small-beden-koli-ici-20-pkt\/","title":{"rendered":"TPE ELD\u0130VEN PUDRASIZ KREM SMALL BEDEN KOL\u0130 \u0130\u00c7\u0130 20 PKT"},"content":{"rendered":"","protected":false},"excerpt":{"rendered":"","protected":false},"featured_media":579,"comment_status":"open","ping_status":"closed","template":"","meta":[],"product_cat":[46],"product_tag":[],"class_list":["post-578","product","type-product","status-publish","has-post-thumbnail","hentry","product_cat-thermo-plastik-elastomer-eldiven-cesitleri","zita-woo-hover-swap","zita-shadow-","zita-shadow-hover-","zita-single-product-content-left","zita-single-product-tab-"],"_links":{"self":[{"href":"https:\/\/www.emireldiven.com\/index.php\/wp-json\/wp\/v2\/product\/578","targetHints":{"allow":["GET"]}}],"collection":[{"href":"https:\/\/www.emireldiven.com\/index.php\/wp-json\/wp\/v2\/product"}],"about":[{"href":"https:\/\/www.emireldiven.com\/index.php\/wp-json\/wp\/v2\/types\/product"}],"replies":[{"embeddable":true,"href":"https:\/\/www.emireldiven.com\/index.php\/wp-json\/wp\/v2\/comments?post=578"}],"wp:featuredmedia":[{"embeddable":true,"href":"https:\/\/www.emireldiven.com\/index.php\/wp-json\/wp\/v2\/media\/579"}],"wp:attachment":[{"href":"https:\/\/www.emireldiven.com\/index.php\/wp-json\/wp\/v2\/media?parent=578"}],"wp:term":[{"taxonomy":"product_cat","embeddable":true,"href":"https:\/\/www.emireldiven.com\/index.php\/wp-json\/wp\/v2\/product_cat?post=578"},{"taxonomy":"product_tag","embeddable":true,"href":"https:\/\/www.emireldiven.com\/index.php\/wp-json\/wp\/v2\/product_tag?post=578"}],"curies":[{"name":"wp","href":"https:\/\/api.w.org\/{rel}","templated":true}]}}