{"id":574,"date":"2023-10-02T18:45:01","date_gmt":"2023-10-02T15:45:01","guid":{"rendered":"https:\/\/www.emireldiven.com\/?post_type=product&#038;p=574"},"modified":"2025-06-24T13:17:39","modified_gmt":"2025-06-24T10:17:39","slug":"tpe-eldiven-pudrasiz-mavi-small-koli-ici-20-pkt","status":"publish","type":"product","link":"https:\/\/www.emireldiven.com\/index.php\/urun\/tpe-eldiven-pudrasiz-mavi-small-koli-ici-20-pkt\/","title":{"rendered":"TPE ELD\u0130VEN PUDRASIZ MAV\u0130 SMALL KOL\u0130 \u0130\u00c7\u0130 20 PKT"},"content":{"rendered":"","protected":false},"excerpt":{"rendered":"","protected":false},"featured_media":575,"comment_status":"open","ping_status":"closed","template":"","meta":[],"product_cat":[46],"product_tag":[],"class_list":["post-574","product","type-product","status-publish","has-post-thumbnail","hentry","product_cat-thermo-plastik-elastomer-eldiven-cesitleri","zita-woo-hover-swap","zita-shadow-","zita-shadow-hover-","zita-single-product-content-left","zita-single-product-tab-"],"_links":{"self":[{"href":"https:\/\/www.emireldiven.com\/index.php\/wp-json\/wp\/v2\/product\/574","targetHints":{"allow":["GET"]}}],"collection":[{"href":"https:\/\/www.emireldiven.com\/index.php\/wp-json\/wp\/v2\/product"}],"about":[{"href":"https:\/\/www.emireldiven.com\/index.php\/wp-json\/wp\/v2\/types\/product"}],"replies":[{"embeddable":true,"href":"https:\/\/www.emireldiven.com\/index.php\/wp-json\/wp\/v2\/comments?post=574"}],"wp:featuredmedia":[{"embeddable":true,"href":"https:\/\/www.emireldiven.com\/index.php\/wp-json\/wp\/v2\/media\/575"}],"wp:attachment":[{"href":"https:\/\/www.emireldiven.com\/index.php\/wp-json\/wp\/v2\/media?parent=574"}],"wp:term":[{"taxonomy":"product_cat","embeddable":true,"href":"https:\/\/www.emireldiven.com\/index.php\/wp-json\/wp\/v2\/product_cat?post=574"},{"taxonomy":"product_tag","embeddable":true,"href":"https:\/\/www.emireldiven.com\/index.php\/wp-json\/wp\/v2\/product_tag?post=574"}],"curies":[{"name":"wp","href":"https:\/\/api.w.org\/{rel}","templated":true}]}}