{"id":553,"date":"2023-09-26T18:49:10","date_gmt":"2023-09-26T15:49:10","guid":{"rendered":"https:\/\/www.emireldiven.com\/?post_type=product&#038;p=553"},"modified":"2025-06-24T13:20:59","modified_gmt":"2025-06-24T10:20:59","slug":"beybi-kn2-nitril-sari-is-eldiveni-koli-ici-288-cift","status":"publish","type":"product","link":"https:\/\/www.emireldiven.com\/index.php\/urun\/beybi-kn2-nitril-sari-is-eldiveni-koli-ici-288-cift\/","title":{"rendered":"BEYB\u0130 KN2 N\u0130TR\u0130L SARI \u0130\u015e ELD\u0130VEN\u0130 KOL\u0130 \u0130\u00c7\u0130 288 \u00c7\u0130FT"},"content":{"rendered":"","protected":false},"excerpt":{"rendered":"","protected":false},"featured_media":554,"comment_status":"open","ping_status":"closed","template":"","meta":[],"product_cat":[47],"product_tag":[],"class_list":["post-553","product","type-product","status-publish","has-post-thumbnail","hentry","product_cat-is-eldiveni-cesitleri","zita-woo-hover-swap","zita-shadow-","zita-shadow-hover-","zita-single-product-content-left","zita-single-product-tab-"],"_links":{"self":[{"href":"https:\/\/www.emireldiven.com\/index.php\/wp-json\/wp\/v2\/product\/553","targetHints":{"allow":["GET"]}}],"collection":[{"href":"https:\/\/www.emireldiven.com\/index.php\/wp-json\/wp\/v2\/product"}],"about":[{"href":"https:\/\/www.emireldiven.com\/index.php\/wp-json\/wp\/v2\/types\/product"}],"replies":[{"embeddable":true,"href":"https:\/\/www.emireldiven.com\/index.php\/wp-json\/wp\/v2\/comments?post=553"}],"wp:featuredmedia":[{"embeddable":true,"href":"https:\/\/www.emireldiven.com\/index.php\/wp-json\/wp\/v2\/media\/554"}],"wp:attachment":[{"href":"https:\/\/www.emireldiven.com\/index.php\/wp-json\/wp\/v2\/media?parent=553"}],"wp:term":[{"taxonomy":"product_cat","embeddable":true,"href":"https:\/\/www.emireldiven.com\/index.php\/wp-json\/wp\/v2\/product_cat?post=553"},{"taxonomy":"product_tag","embeddable":true,"href":"https:\/\/www.emireldiven.com\/index.php\/wp-json\/wp\/v2\/product_tag?post=553"}],"curies":[{"name":"wp","href":"https:\/\/api.w.org\/{rel}","templated":true}]}}