{"id":551,"date":"2023-09-26T18:47:08","date_gmt":"2023-09-26T15:47:08","guid":{"rendered":"https:\/\/www.emireldiven.com\/?post_type=product&#038;p=551"},"modified":"2025-06-24T13:21:12","modified_gmt":"2025-06-24T10:21:12","slug":"beybi-pl9-kirmizi-is-eldiveni-koli-ici-288-cift","status":"publish","type":"product","link":"https:\/\/www.emireldiven.com\/index.php\/urun\/beybi-pl9-kirmizi-is-eldiveni-koli-ici-288-cift\/","title":{"rendered":"BEYB\u0130 PL9 KIRMIZI \u0130\u015e ELD\u0130VEN\u0130 KOL\u0130 \u0130\u00c7\u0130 288 \u00c7\u0130FT"},"content":{"rendered":"","protected":false},"excerpt":{"rendered":"","protected":false},"featured_media":552,"comment_status":"open","ping_status":"closed","template":"","meta":[],"product_cat":[47],"product_tag":[],"class_list":["post-551","product","type-product","status-publish","has-post-thumbnail","hentry","product_cat-is-eldiveni-cesitleri","zita-woo-hover-swap","zita-shadow-","zita-shadow-hover-","zita-single-product-content-left","zita-single-product-tab-"],"_links":{"self":[{"href":"https:\/\/www.emireldiven.com\/index.php\/wp-json\/wp\/v2\/product\/551","targetHints":{"allow":["GET"]}}],"collection":[{"href":"https:\/\/www.emireldiven.com\/index.php\/wp-json\/wp\/v2\/product"}],"about":[{"href":"https:\/\/www.emireldiven.com\/index.php\/wp-json\/wp\/v2\/types\/product"}],"replies":[{"embeddable":true,"href":"https:\/\/www.emireldiven.com\/index.php\/wp-json\/wp\/v2\/comments?post=551"}],"wp:featuredmedia":[{"embeddable":true,"href":"https:\/\/www.emireldiven.com\/index.php\/wp-json\/wp\/v2\/media\/552"}],"wp:attachment":[{"href":"https:\/\/www.emireldiven.com\/index.php\/wp-json\/wp\/v2\/media?parent=551"}],"wp:term":[{"taxonomy":"product_cat","embeddable":true,"href":"https:\/\/www.emireldiven.com\/index.php\/wp-json\/wp\/v2\/product_cat?post=551"},{"taxonomy":"product_tag","embeddable":true,"href":"https:\/\/www.emireldiven.com\/index.php\/wp-json\/wp\/v2\/product_tag?post=551"}],"curies":[{"name":"wp","href":"https:\/\/api.w.org\/{rel}","templated":true}]}}