{"id":514,"date":"2023-01-19T10:49:18","date_gmt":"2023-01-19T07:49:18","guid":{"rendered":"https:\/\/www.emireldiven.com\/?post_type=product&#038;p=514"},"modified":"2025-06-18T15:38:08","modified_gmt":"2025-06-18T12:38:08","slug":"brp-mavi-nitril-pudrasiz","status":"publish","type":"product","link":"https:\/\/www.emireldiven.com\/index.php\/urun\/brp-mavi-nitril-pudrasiz\/","title":{"rendered":"BRP MAV\u0130 N\u0130TR\u0130L PUDRASIZ  S"},"content":{"rendered":"","protected":false},"excerpt":{"rendered":"","protected":false},"featured_media":515,"comment_status":"open","ping_status":"closed","template":"","meta":[],"product_cat":[15],"product_tag":[],"class_list":["post-514","product","type-product","status-publish","has-post-thumbnail","hentry","product_cat-mavi-nitril-pudrasiz-cesitleri","zita-woo-hover-swap","zita-shadow-","zita-shadow-hover-","zita-single-product-content-left","zita-single-product-tab-"],"_links":{"self":[{"href":"https:\/\/www.emireldiven.com\/index.php\/wp-json\/wp\/v2\/product\/514","targetHints":{"allow":["GET"]}}],"collection":[{"href":"https:\/\/www.emireldiven.com\/index.php\/wp-json\/wp\/v2\/product"}],"about":[{"href":"https:\/\/www.emireldiven.com\/index.php\/wp-json\/wp\/v2\/types\/product"}],"replies":[{"embeddable":true,"href":"https:\/\/www.emireldiven.com\/index.php\/wp-json\/wp\/v2\/comments?post=514"}],"wp:featuredmedia":[{"embeddable":true,"href":"https:\/\/www.emireldiven.com\/index.php\/wp-json\/wp\/v2\/media\/515"}],"wp:attachment":[{"href":"https:\/\/www.emireldiven.com\/index.php\/wp-json\/wp\/v2\/media?parent=514"}],"wp:term":[{"taxonomy":"product_cat","embeddable":true,"href":"https:\/\/www.emireldiven.com\/index.php\/wp-json\/wp\/v2\/product_cat?post=514"},{"taxonomy":"product_tag","embeddable":true,"href":"https:\/\/www.emireldiven.com\/index.php\/wp-json\/wp\/v2\/product_tag?post=514"}],"curies":[{"name":"wp","href":"https:\/\/api.w.org\/{rel}","templated":true}]}}