{"id":499,"date":"2022-12-31T14:45:31","date_gmt":"2022-12-31T11:45:31","guid":{"rendered":"https:\/\/www.emireldiven.com\/?post_type=product&#038;p=499"},"modified":"2023-10-02T18:40:44","modified_gmt":"2023-10-02T15:40:44","slug":"tpe-eldiven-siyah-pudrasiz-100-lu-pk","status":"publish","type":"product","link":"https:\/\/www.emireldiven.com\/index.php\/urun\/tpe-eldiven-siyah-pudrasiz-100-lu-pk\/","title":{"rendered":"TPE eldiven siyah pudras\u0131z M VE L KOL\u0130 \u0130\u00c7\u0130 20 PKT"},"content":{"rendered":"","protected":false},"excerpt":{"rendered":"","protected":false},"featured_media":500,"comment_status":"open","ping_status":"closed","template":"","meta":[],"product_cat":[46],"product_tag":[],"class_list":["post-499","product","type-product","status-publish","has-post-thumbnail","hentry","product_cat-thermo-plastik-elastomer-eldiven-cesitleri","zita-woo-hover-swap","zita-shadow-","zita-shadow-hover-","zita-single-product-content-left","zita-single-product-tab-"],"_links":{"self":[{"href":"https:\/\/www.emireldiven.com\/index.php\/wp-json\/wp\/v2\/product\/499","targetHints":{"allow":["GET"]}}],"collection":[{"href":"https:\/\/www.emireldiven.com\/index.php\/wp-json\/wp\/v2\/product"}],"about":[{"href":"https:\/\/www.emireldiven.com\/index.php\/wp-json\/wp\/v2\/types\/product"}],"replies":[{"embeddable":true,"href":"https:\/\/www.emireldiven.com\/index.php\/wp-json\/wp\/v2\/comments?post=499"}],"wp:featuredmedia":[{"embeddable":true,"href":"https:\/\/www.emireldiven.com\/index.php\/wp-json\/wp\/v2\/media\/500"}],"wp:attachment":[{"href":"https:\/\/www.emireldiven.com\/index.php\/wp-json\/wp\/v2\/media?parent=499"}],"wp:term":[{"taxonomy":"product_cat","embeddable":true,"href":"https:\/\/www.emireldiven.com\/index.php\/wp-json\/wp\/v2\/product_cat?post=499"},{"taxonomy":"product_tag","embeddable":true,"href":"https:\/\/www.emireldiven.com\/index.php\/wp-json\/wp\/v2\/product_tag?post=499"}],"curies":[{"name":"wp","href":"https:\/\/api.w.org\/{rel}","templated":true}]}}