{"id":489,"date":"2022-12-31T14:19:08","date_gmt":"2022-12-31T11:19:08","guid":{"rendered":"https:\/\/www.emireldiven.com\/?post_type=product&#038;p=489"},"modified":"2024-01-10T15:39:27","modified_gmt":"2024-01-10T12:39:27","slug":"mini-jumbo-tuvalet-kagidi-2-5kg","status":"publish","type":"product","link":"https:\/\/www.emireldiven.com\/index.php\/urun\/mini-jumbo-tuvalet-kagidi-2-5kg\/","title":{"rendered":"mini jumbo tuvalet ka\u011f\u0131d\u0131 2.5kg"},"content":{"rendered":"<p><img loading=\"lazy\" decoding=\"async\" class=\"alignnone size-full wp-image-490\" src=\"https:\/\/www.emireldiven.com\/wp-content\/uploads\/2022\/12\/pecete.webp\" alt=\"\" width=\"260\" height=\"260\" srcset=\"https:\/\/www.emireldiven.com\/wp-content\/uploads\/2022\/12\/pecete.webp 260w, https:\/\/www.emireldiven.com\/wp-content\/uploads\/2022\/12\/pecete-150x150.webp 150w, https:\/\/www.emireldiven.com\/wp-content\/uploads\/2022\/12\/pecete-100x100.webp 100w\" sizes=\"auto, (max-width: 260px) 100vw, 260px\" \/><\/p>\n","protected":false},"excerpt":{"rendered":"<p><img loading=\"lazy\" decoding=\"async\" class=\"alignnone size-full wp-image-490\" src=\"https:\/\/www.emireldiven.com\/wp-content\/uploads\/2022\/12\/pecete.webp\" alt=\"\" width=\"260\" height=\"260\" srcset=\"https:\/\/www.emireldiven.com\/wp-content\/uploads\/2022\/12\/pecete.webp 260w, https:\/\/www.emireldiven.com\/wp-content\/uploads\/2022\/12\/pecete-150x150.webp 150w, https:\/\/www.emireldiven.com\/wp-content\/uploads\/2022\/12\/pecete-100x100.webp 100w\" sizes=\"auto, (max-width: 260px) 100vw, 260px\" \/><\/p>\n","protected":false},"featured_media":490,"comment_status":"open","ping_status":"closed","template":"","meta":[],"product_cat":[51],"product_tag":[],"class_list":["post-489","product","type-product","status-publish","has-post-thumbnail","hentry","product_cat-end-kagit-grubu-cesitleri","zita-woo-hover-swap","zita-shadow-","zita-shadow-hover-","zita-single-product-content-left","zita-single-product-tab-"],"_links":{"self":[{"href":"https:\/\/www.emireldiven.com\/index.php\/wp-json\/wp\/v2\/product\/489","targetHints":{"allow":["GET"]}}],"collection":[{"href":"https:\/\/www.emireldiven.com\/index.php\/wp-json\/wp\/v2\/product"}],"about":[{"href":"https:\/\/www.emireldiven.com\/index.php\/wp-json\/wp\/v2\/types\/product"}],"replies":[{"embeddable":true,"href":"https:\/\/www.emireldiven.com\/index.php\/wp-json\/wp\/v2\/comments?post=489"}],"wp:featuredmedia":[{"embeddable":true,"href":"https:\/\/www.emireldiven.com\/index.php\/wp-json\/wp\/v2\/media\/490"}],"wp:attachment":[{"href":"https:\/\/www.emireldiven.com\/index.php\/wp-json\/wp\/v2\/media?parent=489"}],"wp:term":[{"taxonomy":"product_cat","embeddable":true,"href":"https:\/\/www.emireldiven.com\/index.php\/wp-json\/wp\/v2\/product_cat?post=489"},{"taxonomy":"product_tag","embeddable":true,"href":"https:\/\/www.emireldiven.com\/index.php\/wp-json\/wp\/v2\/product_tag?post=489"}],"curies":[{"name":"wp","href":"https:\/\/api.w.org\/{rel}","templated":true}]}}