{"id":447,"date":"2022-06-14T13:57:24","date_gmt":"2022-06-14T10:57:24","guid":{"rendered":"https:\/\/www.emireldiven.com\/?post_type=product&#038;p=447"},"modified":"2024-01-10T16:03:41","modified_gmt":"2024-01-10T13:03:41","slug":"mua-masa-ortusu-laminesiz-40-mt-koli-ici-6-rulo","status":"publish","type":"product","link":"https:\/\/www.emireldiven.com\/index.php\/urun\/mua-masa-ortusu-laminesiz-40-mt-koli-ici-6-rulo\/","title":{"rendered":"MUA.MASA \u00d6RT\u00dcS\u00dc LAM\u0130NES\u0130Z 40 MT"},"content":{"rendered":"<p>KOL\u0130 \u0130\u00c7\u0130 6 RULO<\/p>\n","protected":false},"excerpt":{"rendered":"<p>KOL\u0130 \u0130\u00c7\u0130 6 RULO<\/p>\n","protected":false},"featured_media":449,"comment_status":"open","ping_status":"closed","template":"","meta":[],"product_cat":[50],"product_tag":[74,75,76,55,77,78,79,80,81,82,83,84,56,85,54,62,63,86,64,65,57,58,88,66,67,87,61,96,97,95,89,59,90,68,60,98,94,69,71,70,72,93,73,91,92],"class_list":["post-447","product","type-product","status-publish","has-post-thumbnail","hentry","product_cat-tek-kullanimlik-cesitleri","product_tag-beybi-eldiven","product_tag-beybi-lateks-eldiven","product_tag-bone-beyaz-45-cm","product_tag-cop-poseti-cesitleri","product_tag-cop-torbasi-agir-sanayi","product_tag-cop-torbasi-jumbo-mavi","product_tag-cop-torbasi-jumbo-siyah","product_tag-dinpenser-pecete","product_tag-dolphin-eldiven","product_tag-dolphin-nitril-extra-kalin-siyah","product_tag-dolphin-pudrasiz-mavi-nitril","product_tag-dolphin-siyah-nitril","product_tag-doypack-ambalajlar","product_tag-ebruli-pudrali-beyaz-lateks-muayene-eldiveni","product_tag-eldiven-cesitleri","product_tag-end-cop-torbasi-cesitleri","product_tag-end-kagit-grubu-cesitleri","product_tag-galos-tek-dikis","product_tag-gida-streci-cesitleri","product_tag-is-eldiveni-cesitleri","product_tag-kagit-gruplari","product_tag-kullan-at-grubu","product_tag-lateks-muayene-eldiveni-haspet","product_tag-lateks-pudrali-cesitleri","product_tag-lateks-pudrasiz-cesitleri","product_tag-master-force-50li-medium","product_tag-mavi-nitril-pudrasiz-cesitleri","product_tag-mua-masa-ortusu","product_tag-nitril-muayene-eldiveni-mavi-bimel","product_tag-nitril-muayene-eldiveni-mavi-oneplus","product_tag-one-plus-lateks-pudrasiz-muayene-eldiven","product_tag-paketleme-urunleri","product_tag-palet-strec","product_tag-palet-strec-ve-koli-bandi-cesitleri","product_tag-poset-ve-torba-cesitleri","product_tag-seffaf-eldiven-one-plus","product_tag-siyah-nitril-muayene-eldiveni-haspet","product_tag-siyah-nitril-pudrasiz-cesitleri","product_tag-tek-kullanimlik-cesitleri","product_tag-thermo-plastik-elastomer-eldiven-cesitleri","product_tag-tibbi-atik-cop-torbasi-cesitleri","product_tag-unex-siyah-tpe-eldiven","product_tag-vinil-pudrasiz-eldiven","product_tag-z-katlama-havlu","product_tag-ziyaretci-onlugu","zita-woo-hover-swap","zita-shadow-","zita-shadow-hover-","zita-single-product-content-left","zita-single-product-tab-"],"_links":{"self":[{"href":"https:\/\/www.emireldiven.com\/index.php\/wp-json\/wp\/v2\/product\/447","targetHints":{"allow":["GET"]}}],"collection":[{"href":"https:\/\/www.emireldiven.com\/index.php\/wp-json\/wp\/v2\/product"}],"about":[{"href":"https:\/\/www.emireldiven.com\/index.php\/wp-json\/wp\/v2\/types\/product"}],"replies":[{"embeddable":true,"href":"https:\/\/www.emireldiven.com\/index.php\/wp-json\/wp\/v2\/comments?post=447"}],"wp:featuredmedia":[{"embeddable":true,"href":"https:\/\/www.emireldiven.com\/index.php\/wp-json\/wp\/v2\/media\/449"}],"wp:attachment":[{"href":"https:\/\/www.emireldiven.com\/index.php\/wp-json\/wp\/v2\/media?parent=447"}],"wp:term":[{"taxonomy":"product_cat","embeddable":true,"href":"https:\/\/www.emireldiven.com\/index.php\/wp-json\/wp\/v2\/product_cat?post=447"},{"taxonomy":"product_tag","embeddable":true,"href":"https:\/\/www.emireldiven.com\/index.php\/wp-json\/wp\/v2\/product_tag?post=447"}],"curies":[{"name":"wp","href":"https:\/\/api.w.org\/{rel}","templated":true}]}}