{"id":420,"date":"2022-06-14T12:42:24","date_gmt":"2022-06-14T09:42:24","guid":{"rendered":"https:\/\/www.emireldiven.com\/?post_type=product&#038;p=420"},"modified":"2024-03-28T07:12:15","modified_gmt":"2024-03-28T04:12:15","slug":"bimel-mavi-nitril-pudrasiz-100-lu","status":"publish","type":"product","link":"https:\/\/www.emireldiven.com\/index.php\/urun\/bimel-mavi-nitril-pudrasiz-100-lu\/","title":{"rendered":"B\u0130MEL MAV\u0130 N\u0130TR\u0130L PUDRASIZ 100 L\u00dc"},"content":{"rendered":"<p>20 PAKET<\/p>\n","protected":false},"excerpt":{"rendered":"<p>20 PAKET<\/p>\n","protected":false},"featured_media":415,"comment_status":"open","ping_status":"closed","template":"","meta":[],"product_cat":[15],"product_tag":[],"class_list":["post-420","product","type-product","status-publish","has-post-thumbnail","hentry","product_cat-mavi-nitril-pudrasiz-cesitleri","zita-woo-hover-swap","zita-shadow-","zita-shadow-hover-","zita-single-product-content-left","zita-single-product-tab-"],"_links":{"self":[{"href":"https:\/\/www.emireldiven.com\/index.php\/wp-json\/wp\/v2\/product\/420","targetHints":{"allow":["GET"]}}],"collection":[{"href":"https:\/\/www.emireldiven.com\/index.php\/wp-json\/wp\/v2\/product"}],"about":[{"href":"https:\/\/www.emireldiven.com\/index.php\/wp-json\/wp\/v2\/types\/product"}],"replies":[{"embeddable":true,"href":"https:\/\/www.emireldiven.com\/index.php\/wp-json\/wp\/v2\/comments?post=420"}],"wp:featuredmedia":[{"embeddable":true,"href":"https:\/\/www.emireldiven.com\/index.php\/wp-json\/wp\/v2\/media\/415"}],"wp:attachment":[{"href":"https:\/\/www.emireldiven.com\/index.php\/wp-json\/wp\/v2\/media?parent=420"}],"wp:term":[{"taxonomy":"product_cat","embeddable":true,"href":"https:\/\/www.emireldiven.com\/index.php\/wp-json\/wp\/v2\/product_cat?post=420"},{"taxonomy":"product_tag","embeddable":true,"href":"https:\/\/www.emireldiven.com\/index.php\/wp-json\/wp\/v2\/product_tag?post=420"}],"curies":[{"name":"wp","href":"https:\/\/api.w.org\/{rel}","templated":true}]}}