{"id":336,"date":"2022-05-26T15:58:37","date_gmt":"2022-05-26T12:58:37","guid":{"rendered":"https:\/\/www.emireldiven.com\/?page_id=336"},"modified":"2022-05-26T15:58:37","modified_gmt":"2022-05-26T12:58:37","slug":"hakkimizda","status":"publish","type":"page","link":"https:\/\/www.emireldiven.com\/index.php\/hakkimizda\/","title":{"rendered":"Hakk\u0131m\u0131zda"},"content":{"rendered":"\n<p>Emir Grup Medikal ve Ambalaj olarak  ambalaj sekt\u00f6r\u00fcnde yakla\u015f\u0131k 20 senedir faaliyet g\u00f6stermekteyiz. Bu s\u00fcre zarf\u0131nda gerek ithalat gerek \u00fcretim mecralar\u0131nda tam olarak faaliyet g\u00f6sterdik. T\u00fcm bu tecr\u00fcbe ve birikimimizi rekabet\u00e7i fiyat \u00fcst seviye hizmet ve sorunsuz servis ilkeleriyle yeni organizasyonumuza ta\u015f\u0131d\u0131k. Bu ama\u00e7 do\u011frultusunda siz say\u0131n m\u00fc\u015fterilerimize kalite ve g\u00fcvenle te\u015fekk\u00fcr etmekteyiz.<\/p>\n","protected":false},"excerpt":{"rendered":"<p>Emir Grup Medikal ve Ambalaj olarak ambalaj sekt\u00f6r\u00fcnde yakla\u015f\u0131k 20 senedir faaliyet g\u00f6stermekteyiz. Bu s\u00fcre zarf\u0131nda gerek ithalat gerek \u00fcretim mecralar\u0131nda tam olarak faaliyet g\u00f6sterdik. T\u00fcm bu tecr\u00fcbe ve birikimimizi rekabet\u00e7i fiyat \u00fcst seviye hizmet ve sorunsuz servis ilkeleriyle yeni organizasyonumuza ta\u015f\u0131d\u0131k. Bu ama\u00e7 do\u011frultusunda siz say\u0131n m\u00fc\u015fterilerimize kalite ve g\u00fcvenle te\u015fekk\u00fcr etmekteyiz.<\/p>\n","protected":false},"author":1,"featured_media":0,"parent":0,"menu_order":0,"comment_status":"closed","ping_status":"closed","template":"","meta":{"footnotes":""},"class_list":["post-336","page","type-page","status-publish","hentry","zita-woo-hover-swap","zita-shadow-","zita-shadow-hover-","zita-single-product-content-left","zita-single-product-tab-"],"_links":{"self":[{"href":"https:\/\/www.emireldiven.com\/index.php\/wp-json\/wp\/v2\/pages\/336","targetHints":{"allow":["GET"]}}],"collection":[{"href":"https:\/\/www.emireldiven.com\/index.php\/wp-json\/wp\/v2\/pages"}],"about":[{"href":"https:\/\/www.emireldiven.com\/index.php\/wp-json\/wp\/v2\/types\/page"}],"author":[{"embeddable":true,"href":"https:\/\/www.emireldiven.com\/index.php\/wp-json\/wp\/v2\/users\/1"}],"replies":[{"embeddable":true,"href":"https:\/\/www.emireldiven.com\/index.php\/wp-json\/wp\/v2\/comments?post=336"}],"version-history":[{"count":1,"href":"https:\/\/www.emireldiven.com\/index.php\/wp-json\/wp\/v2\/pages\/336\/revisions"}],"predecessor-version":[{"id":337,"href":"https:\/\/www.emireldiven.com\/index.php\/wp-json\/wp\/v2\/pages\/336\/revisions\/337"}],"wp:attachment":[{"href":"https:\/\/www.emireldiven.com\/index.php\/wp-json\/wp\/v2\/media?parent=336"}],"curies":[{"name":"wp","href":"https:\/\/api.w.org\/{rel}","templated":true}]}}