{"id":182,"date":"2018-09-10T12:47:07","date_gmt":"2018-09-10T12:47:07","guid":{"rendered":"https:\/\/zitademo.wpzita.com\/marketplace\/?page_id=182"},"modified":"2022-05-26T15:56:25","modified_gmt":"2022-05-26T12:56:25","slug":"iletisim","status":"publish","type":"page","link":"https:\/\/www.emireldiven.com\/index.php\/iletisim\/","title":{"rendered":"\u0130leti\u015fim"},"content":{"rendered":"\t\t<div data-elementor-type=\"wp-post\" data-elementor-id=\"182\" class=\"elementor elementor-182\">\n\t\t\t\t\t\t\t\t\t<section class=\"elementor-section elementor-top-section elementor-element elementor-element-1d729d2 elementor-section-boxed elementor-section-height-default elementor-section-height-default\" data-id=\"1d729d2\" data-element_type=\"section\">\n\t\t\t\t\t\t<div class=\"elementor-container elementor-column-gap-default\">\n\t\t\t\t\t<div class=\"elementor-column elementor-col-100 elementor-top-column elementor-element elementor-element-6ca5230\" data-id=\"6ca5230\" data-element_type=\"column\">\n\t\t\t<div class=\"elementor-widget-wrap elementor-element-populated\">\n\t\t\t\t\t\t\t\t<div class=\"elementor-element elementor-element-684a972 elementor-widget elementor-widget-google_maps\" data-id=\"684a972\" data-element_type=\"widget\" data-widget_type=\"google_maps.default\">\n\t\t\t\t<div class=\"elementor-widget-container\">\n\t\t\t<style>\/*! elementor - v3.6.5 - 27-04-2022 *\/\n.elementor-widget-google_maps .elementor-widget-container{overflow:hidden}.elementor-widget-google_maps iframe{height:300px}<\/style>\t\t<div class=\"elementor-custom-embed\">\n\t\t\t<iframe frameborder=\"0\" scrolling=\"no\" marginheight=\"0\" marginwidth=\"0\"\n\t\t\t\t\tsrc=\"https:\/\/maps.google.com\/maps?q=Ba%C4%9Flarba%C5%9F%C4%B1%20Mah.%20Feyzullah%20Cad.%20No%3A%2059%20Maltepe%20%2F%20iSTANBUL&#038;t=m&#038;z=10&#038;output=embed&#038;iwloc=near\"\n\t\t\t\t\ttitle=\"Ba\u011flarba\u015f\u0131 Mah. Feyzullah Cad. No: 59 Maltepe \/ iSTANBUL\"\n\t\t\t\t\taria-label=\"Ba\u011flarba\u015f\u0131 Mah. Feyzullah Cad. No: 59 Maltepe \/ iSTANBUL\"\n\t\t\t><\/iframe>\n\t\t<\/div>\n\t\t\t\t<\/div>\n\t\t\t\t<\/div>\n\t\t\t\t\t<\/div>\n\t\t<\/div>\n\t\t\t\t\t\t\t<\/div>\n\t\t<\/section>\n\t\t\t\t<section class=\"elementor-section elementor-top-section elementor-element elementor-element-a14b8ae elementor-section-boxed elementor-section-height-default elementor-section-height-default\" data-id=\"a14b8ae\" data-element_type=\"section\">\n\t\t\t\t\t\t<div class=\"elementor-container elementor-column-gap-default\">\n\t\t\t\t\t<div class=\"elementor-column elementor-col-100 elementor-top-column elementor-element elementor-element-8728e40\" data-id=\"8728e40\" data-element_type=\"column\">\n\t\t\t<div class=\"elementor-widget-wrap elementor-element-populated\">\n\t\t\t\t\t\t\t\t<div class=\"elementor-element elementor-element-de3f833 elementor-widget elementor-widget-text-editor\" data-id=\"de3f833\" data-element_type=\"widget\" data-widget_type=\"text-editor.default\">\n\t\t\t\t<div class=\"elementor-widget-container\">\n\t\t\t<style>\/*! elementor - v3.6.5 - 27-04-2022 *\/\n.elementor-widget-text-editor.elementor-drop-cap-view-stacked .elementor-drop-cap{background-color:#818a91;color:#fff}.elementor-widget-text-editor.elementor-drop-cap-view-framed .elementor-drop-cap{color:#818a91;border:3px solid;background-color:transparent}.elementor-widget-text-editor:not(.elementor-drop-cap-view-default) .elementor-drop-cap{margin-top:8px}.elementor-widget-text-editor:not(.elementor-drop-cap-view-default) .elementor-drop-cap-letter{width:1em;height:1em}.elementor-widget-text-editor .elementor-drop-cap{float:left;text-align:center;line-height:1;font-size:50px}.elementor-widget-text-editor .elementor-drop-cap-letter{display:inline-block}<\/style>\t\t\t\tAdres:<\/br>\nBa\u011flarba\u015f\u0131 Mah. Feyzullah Cad. No: 59 Maltepe \/ iSTANBUL\n<\/br>\n\u0130leti\u015fim:<\/br>\n<a href=\"tel:\/\/+902163833313\"><i class=\"fa fa-phone\"><\/i> <b>0216 383 33 13<\/b><\/a><\/br>\n<a href=\"tel:\/\/+905543470138\"><i class=\"fa fa-phone\"><\/i> <b>0554 347 01 38<\/b><\/a><\/br>\n<a href=\"mailto:info@emireldiven.com\"><i class=\"fa fa-envelope\"><\/i>\n\t\t\t\t\t\t\t\t\t\tinfo@emireldiven.com<\/a>\t\t\t\t\t\t<\/div>\n\t\t\t\t<\/div>\n\t\t\t\t\t<\/div>\n\t\t<\/div>\n\t\t\t\t\t\t\t<\/div>\n\t\t<\/section>\n\t\t\t\t\t\t\t<\/div>\n\t\t","protected":false},"excerpt":{"rendered":"<p>Adres: Ba\u011flarba\u015f\u0131 Mah. Feyzullah Cad. No: 59 Maltepe \/ iSTANBUL \u0130leti\u015fim: 0216 383 33 13 0554 347 01 38 info@emireldiven.com<\/p>\n","protected":false},"author":1,"featured_media":0,"parent":0,"menu_order":0,"comment_status":"closed","ping_status":"closed","template":"","meta":{"footnotes":""},"class_list":["post-182","page","type-page","status-publish","hentry","zita-woo-hover-swap","zita-shadow-","zita-shadow-hover-","zita-single-product-content-left","zita-single-product-tab-"],"_links":{"self":[{"href":"https:\/\/www.emireldiven.com\/index.php\/wp-json\/wp\/v2\/pages\/182","targetHints":{"allow":["GET"]}}],"collection":[{"href":"https:\/\/www.emireldiven.com\/index.php\/wp-json\/wp\/v2\/pages"}],"about":[{"href":"https:\/\/www.emireldiven.com\/index.php\/wp-json\/wp\/v2\/types\/page"}],"author":[{"embeddable":true,"href":"https:\/\/www.emireldiven.com\/index.php\/wp-json\/wp\/v2\/users\/1"}],"replies":[{"embeddable":true,"href":"https:\/\/www.emireldiven.com\/index.php\/wp-json\/wp\/v2\/comments?post=182"}],"version-history":[{"count":7,"href":"https:\/\/www.emireldiven.com\/index.php\/wp-json\/wp\/v2\/pages\/182\/revisions"}],"predecessor-version":[{"id":335,"href":"https:\/\/www.emireldiven.com\/index.php\/wp-json\/wp\/v2\/pages\/182\/revisions\/335"}],"wp:attachment":[{"href":"https:\/\/www.emireldiven.com\/index.php\/wp-json\/wp\/v2\/media?parent=182"}],"curies":[{"name":"wp","href":"https:\/\/api.w.org\/{rel}","templated":true}]}}